{"id":55,"date":"2024-03-11T08:36:34","date_gmt":"2024-03-11T08:36:34","guid":{"rendered":"https:\/\/test.pinno-pizza.de\/?page_id=55"},"modified":"2024-04-27T12:31:42","modified_gmt":"2024-04-27T12:31:42","slug":"%d8%b3%d9%8a%d8%a7%d8%b3%d8%a9-%d8%a7%d9%84%d8%ae%d8%b5%d9%88%d8%b5%d9%8a%d8%a9","status":"publish","type":"page","link":"https:\/\/albayan-eu.de\/de\/%d8%b3%d9%8a%d8%a7%d8%b3%d8%a9-%d8%a7%d9%84%d8%ae%d8%b5%d9%88%d8%b5%d9%8a%d8%a9","title":{"rendered":"Datenschutzrichtlinie"},"content":{"rendered":"<div data-elementor-type=\"wp-page\" data-elementor-id=\"55\" class=\"elementor elementor-55\">\n\t\t\t\t<div class=\"elementor-element elementor-element-68e9151 e-con-full e-flex e-con e-parent\" data-id=\"68e9151\" data-element_type=\"container\">\n\t\t\t\t<div class=\"elementor-element elementor-element-3cb3cc8 elementor-widget elementor-widget-heading\" data-id=\"3cb3cc8\" data-element_type=\"widget\" data-widget_type=\"heading.default\">\n\t\t\t\t<div class=\"elementor-widget-container\">\n\t\t\t\t\t<h2 class=\"elementor-heading-title elementor-size-default\">Datenschutzrichtlinie<\/h2>\t\t\t\t<\/div>\n\t\t\t\t<\/div>\n\t\t\t\t<\/div>\n\t\t<div class=\"elementor-element elementor-element-a358e55 e-con-full e-flex e-con e-parent\" data-id=\"a358e55\" data-element_type=\"container\">\n\t\t\t\t<div class=\"elementor-element elementor-element-4f939c0 elementor-widget elementor-widget-heading\" data-id=\"4f939c0\" data-element_type=\"widget\" data-widget_type=\"heading.default\">\n\t\t\t\t<div class=\"elementor-widget-container\">\n\t\t\t\t\t<h2 class=\"elementor-heading-title elementor-size-default\">Datenschutzrichtlinie f\u00fcr die Nutzung der Website der Al Bayan Tourismus-, Reise- und Servicegesellschaft:<\/h2>\t\t\t\t<\/div>\n\t\t\t\t<\/div>\n\t\t\t\t<div class=\"elementor-element elementor-element-5fbfc1b elementor-widget elementor-widget-text-editor\" data-id=\"5fbfc1b\" data-element_type=\"widget\" data-widget_type=\"text-editor.default\">\n\t\t\t\t<div class=\"elementor-widget-container\">\n\t\t\t\t\t\t\t\t\tHerzlich willkommen auf der Datenschutzseite der Website der Al Bayan Tourismus-, Reise- und Servicegesellschaft. Hier finden Sie Details dar\u00fcber, wie wir die von Ihnen bei der Nutzung unserer Website erhaltenen Informationen sammeln, verwenden und sch\u00fctzen.\t\t\t\t\t\t\t\t<\/div>\n\t\t\t\t<\/div>\n\t\t\t\t<div class=\"elementor-element elementor-element-4c2040c elementor-widget elementor-widget-spacer\" data-id=\"4c2040c\" data-element_type=\"widget\" data-widget_type=\"spacer.default\">\n\t\t\t\t<div class=\"elementor-widget-container\">\n\t\t\t\t\t\t\t<div class=\"elementor-spacer\">\n\t\t\t<div class=\"elementor-spacer-inner\"><\/div>\n\t\t<\/div>\n\t\t\t\t\t\t<\/div>\n\t\t\t\t<\/div>\n\t\t\t\t<div class=\"elementor-element elementor-element-8976c3e elementor-widget elementor-widget-heading\" data-id=\"8976c3e\" data-element_type=\"widget\" data-widget_type=\"heading.default\">\n\t\t\t\t<div class=\"elementor-widget-container\">\n\t\t\t\t\t<h2 class=\"elementor-heading-title elementor-size-default\">Sammlung personenbezogener Informationen:<\/h2>\t\t\t\t<\/div>\n\t\t\t\t<\/div>\n\t\t\t\t<div class=\"elementor-element elementor-element-e38884a elementor-widget elementor-widget-text-editor\" data-id=\"e38884a\" data-element_type=\"widget\" data-widget_type=\"text-editor.default\">\n\t\t\t\t<div class=\"elementor-widget-container\">\n\t\t\t\t\t\t\t\t\tWir sammeln bestimmte Informationen \u00fcber Sie basierend auf den Aktivit\u00e4ten, die Sie auf der Website ausf\u00fchren, einschlie\u00dflich:\n<\/br><\/br>\n<span style=\"color: #c59914;\">Die von Ihnen bereitgestellten Informationen:<\/span> Diese k\u00f6nnen Ihren Namen, Ihre E-Mail-Adresse, Ihre Telefonnummer und andere Informationen umfassen, wenn Sie sich registrieren, um unsere Dienste zu nutzen oder Anfragen zu unseren Diensten zu stellen.\n<\/br>\n<span style=\"color: #c59914;\">Interaktion Informationen:<\/span> Wir sammeln Informationen dar\u00fcber, wie Sie die Website nutzen, wie die Seiten, die Sie besuchen, die Zeit, die Sie auf jeder Seite verbringen, und die Links, auf die Sie klicken, um die Benutzererfahrung zu verbessern und die Dienste anzupassen.\n<\/br>\n<span style=\"color: #c59914;\">Ger\u00e4teinformationen:<\/span> Wir sammeln einige technische Informationen \u00fcber Ihr Ger\u00e4t und den von Ihnen verwendeten Browser, wie den Browsertyp, das Betriebssystem und die IP-Adresse, zu administrativen und analytischen Zwecken.\t\t\t\t\t\t\t\t<\/div>\n\t\t\t\t<\/div>\n\t\t\t\t<div class=\"elementor-element elementor-element-61a8180 elementor-widget elementor-widget-spacer\" data-id=\"61a8180\" data-element_type=\"widget\" data-widget_type=\"spacer.default\">\n\t\t\t\t<div class=\"elementor-widget-container\">\n\t\t\t\t\t\t\t<div class=\"elementor-spacer\">\n\t\t\t<div class=\"elementor-spacer-inner\"><\/div>\n\t\t<\/div>\n\t\t\t\t\t\t<\/div>\n\t\t\t\t<\/div>\n\t\t\t\t<div class=\"elementor-element elementor-element-e4115f8 elementor-widget elementor-widget-heading\" data-id=\"e4115f8\" data-element_type=\"widget\" data-widget_type=\"heading.default\">\n\t\t\t\t<div class=\"elementor-widget-container\">\n\t\t\t\t\t<h2 class=\"elementor-heading-title elementor-size-default\">Verwendung von Informationen:<\/h2>\t\t\t\t<\/div>\n\t\t\t\t<\/div>\n\t\t\t\t<div class=\"elementor-element elementor-element-8652fb4 elementor-widget elementor-widget-text-editor\" data-id=\"8652fb4\" data-element_type=\"widget\" data-widget_type=\"text-editor.default\">\n\t\t\t\t<div class=\"elementor-widget-container\">\n\t\t\t\t\t\t\t\t\t<p>Wir verwenden die von Ihnen gesammelten Informationen, um unsere Dienste bereitzustellen und zu verbessern und Ihre Erfahrung auf der Website anzupassen, einschlie\u00dflich:<\/p><ol><li>Bereitstellung angeforderter Dienste und Produkte.<\/li><li>Datenanalyse zur Verbesserung der Website-Performance und zum Verst\u00e4ndnis der Interessen und Bed\u00fcrfnisse der Benutzer.<\/li><li>Kommunikation mit Ihnen und Bereitstellung erforderlicher Unterst\u00fctzung und Hilfe.<\/li><\/ol>\t\t\t\t\t\t\t\t<\/div>\n\t\t\t\t<\/div>\n\t\t\t\t<div class=\"elementor-element elementor-element-df3992d elementor-widget elementor-widget-spacer\" data-id=\"df3992d\" data-element_type=\"widget\" data-widget_type=\"spacer.default\">\n\t\t\t\t<div class=\"elementor-widget-container\">\n\t\t\t\t\t\t\t<div class=\"elementor-spacer\">\n\t\t\t<div class=\"elementor-spacer-inner\"><\/div>\n\t\t<\/div>\n\t\t\t\t\t\t<\/div>\n\t\t\t\t<\/div>\n\t\t\t\t<div class=\"elementor-element elementor-element-f3de17a elementor-widget elementor-widget-heading\" data-id=\"f3de17a\" data-element_type=\"widget\" data-widget_type=\"heading.default\">\n\t\t\t\t<div class=\"elementor-widget-container\">\n\t\t\t\t\t<h2 class=\"elementor-heading-title elementor-size-default\">Schutz personenbezogener Informationen:<\/h2>\t\t\t\t<\/div>\n\t\t\t\t<\/div>\n\t\t\t\t<div class=\"elementor-element elementor-element-c05eef4 elementor-widget elementor-widget-text-editor\" data-id=\"c05eef4\" data-element_type=\"widget\" data-widget_type=\"text-editor.default\">\n\t\t\t\t<div class=\"elementor-widget-container\">\n\t\t\t\t\t\t\t\t\tWir verpflichten uns, die Privatsph\u00e4re Ihrer personenbezogenen Daten zu sch\u00fctzen und angemessene Sicherheitsma\u00dfnahmen zu ergreifen, um unbefugten Zugriff, unbefugte Nutzung, \u00c4nderung, Offenlegung oder Zerst\u00f6rung dieser Informationen zu verhindern.\n\t\t\t\t\t\t\t\t<\/div>\n\t\t\t\t<\/div>\n\t\t\t\t<div class=\"elementor-element elementor-element-f99c9db elementor-widget elementor-widget-spacer\" data-id=\"f99c9db\" data-element_type=\"widget\" data-widget_type=\"spacer.default\">\n\t\t\t\t<div class=\"elementor-widget-container\">\n\t\t\t\t\t\t\t<div class=\"elementor-spacer\">\n\t\t\t<div class=\"elementor-spacer-inner\"><\/div>\n\t\t<\/div>\n\t\t\t\t\t\t<\/div>\n\t\t\t\t<\/div>\n\t\t\t\t<div class=\"elementor-element elementor-element-d71a868 elementor-widget elementor-widget-heading\" data-id=\"d71a868\" data-element_type=\"widget\" data-widget_type=\"heading.default\">\n\t\t\t\t<div class=\"elementor-widget-container\">\n\t\t\t\t\t<h2 class=\"elementor-heading-title elementor-size-default\">Cookies:<\/h2>\t\t\t\t<\/div>\n\t\t\t\t<\/div>\n\t\t\t\t<div class=\"elementor-element elementor-element-00987fc elementor-widget elementor-widget-text-editor\" data-id=\"00987fc\" data-element_type=\"widget\" data-widget_type=\"text-editor.default\">\n\t\t\t\t<div class=\"elementor-widget-container\">\n\t\t\t\t\t\t\t\t\tWir verwenden Cookies, um die Benutzererfahrung zu verbessern und das Nutzerverhalten auf der Website zu verstehen. Sie k\u00f6nnen Cookies akzeptieren oder ablehnen, indem Sie Ihre Browsereinstellungen \u00e4ndern, aber einige Einstellungen k\u00f6nnen die Funktionalit\u00e4t der Website beeintr\u00e4chtigen.\t\t\t\t\t\t\t\t<\/div>\n\t\t\t\t<\/div>\n\t\t\t\t<div class=\"elementor-element elementor-element-eb85e42 elementor-widget elementor-widget-spacer\" data-id=\"eb85e42\" data-element_type=\"widget\" data-widget_type=\"spacer.default\">\n\t\t\t\t<div class=\"elementor-widget-container\">\n\t\t\t\t\t\t\t<div class=\"elementor-spacer\">\n\t\t\t<div class=\"elementor-spacer-inner\"><\/div>\n\t\t<\/div>\n\t\t\t\t\t\t<\/div>\n\t\t\t\t<\/div>\n\t\t\t\t<div class=\"elementor-element elementor-element-755ac51 elementor-widget elementor-widget-heading\" data-id=\"755ac51\" data-element_type=\"widget\" data-widget_type=\"heading.default\">\n\t\t\t\t<div class=\"elementor-widget-container\">\n\t\t\t\t\t<h2 class=\"elementor-heading-title elementor-size-default\">Ihre Rechte:<\/h2>\t\t\t\t<\/div>\n\t\t\t\t<\/div>\n\t\t\t\t<div class=\"elementor-element elementor-element-b713b79 elementor-widget elementor-widget-text-editor\" data-id=\"b713b79\" data-element_type=\"widget\" data-widget_type=\"text-editor.default\">\n\t\t\t\t<div class=\"elementor-widget-container\">\n\t\t\t\t\t\t\t\t\tSie haben das Recht auf Zugang zu Ihren personenbezogenen Daten, deren Berichtigung, L\u00f6schung und Widerspruch gegen die Verarbeitung Ihrer Daten.Bitte<span style=\"color: #c59914;\"> <a style=\"color: #c59914;\" href=\"https:\/\/albayan-eu.de\/de\/%d8%aa%d9%88%d8%a7%d8%b5%d9%84-%d9%85%d8%b9%d9%86%d8%a7\/\">kontaktieren Sie uns, um dies zu tun.<\/a><\/span>\n\t\t\t\t\t\t\t\t<\/div>\n\t\t\t\t<\/div>\n\t\t\t\t<div class=\"elementor-element elementor-element-389c007 elementor-widget elementor-widget-spacer\" data-id=\"389c007\" data-element_type=\"widget\" data-widget_type=\"spacer.default\">\n\t\t\t\t<div class=\"elementor-widget-container\">\n\t\t\t\t\t\t\t<div class=\"elementor-spacer\">\n\t\t\t<div class=\"elementor-spacer-inner\"><\/div>\n\t\t<\/div>\n\t\t\t\t\t\t<\/div>\n\t\t\t\t<\/div>\n\t\t\t\t<div class=\"elementor-element elementor-element-05703c7 elementor-widget elementor-widget-heading\" data-id=\"05703c7\" data-element_type=\"widget\" data-widget_type=\"heading.default\">\n\t\t\t\t<div class=\"elementor-widget-container\">\n\t\t\t\t\t<h2 class=\"elementor-heading-title elementor-size-default\">\u00c4nderungen und Aktualisierungen der Richtlinie:<\/h2>\t\t\t\t<\/div>\n\t\t\t\t<\/div>\n\t\t\t\t<div class=\"elementor-element elementor-element-83bc39b elementor-widget elementor-widget-text-editor\" data-id=\"83bc39b\" data-element_type=\"widget\" data-widget_type=\"text-editor.default\">\n\t\t\t\t<div class=\"elementor-widget-container\">\n\t\t\t\t\t\t\t\t\tWir behalten uns das Recht vor, diese Richtlinie jederzeit zu \u00e4ndern oder zu aktualisieren, und werden etwaige \u00c4nderungen hier auf der Datenschutzseite ver\u00f6ffentlichen. Bitte \u00fcberpr\u00fcfen Sie die Richtlinie regelm\u00e4\u00dfig auf Aktualisierungen.\n\t\t\t\t\t\t\t\t<\/div>\n\t\t\t\t<\/div>\n\t\t\t\t<div class=\"elementor-element elementor-element-8786ccc elementor-widget elementor-widget-spacer\" data-id=\"8786ccc\" data-element_type=\"widget\" data-widget_type=\"spacer.default\">\n\t\t\t\t<div class=\"elementor-widget-container\">\n\t\t\t\t\t\t\t<div class=\"elementor-spacer\">\n\t\t\t<div class=\"elementor-spacer-inner\"><\/div>\n\t\t<\/div>\n\t\t\t\t\t\t<\/div>\n\t\t\t\t<\/div>\n\t\t\t\t<div class=\"elementor-element elementor-element-07d49d7 elementor-widget elementor-widget-heading\" data-id=\"07d49d7\" data-element_type=\"widget\" data-widget_type=\"heading.default\">\n\t\t\t\t<div class=\"elementor-widget-container\">\n\t\t\t\t\t<h2 class=\"elementor-heading-title elementor-size-default\">Kontaktieren Sie uns:<\/h2>\t\t\t\t<\/div>\n\t\t\t\t<\/div>\n\t\t\t\t<div class=\"elementor-element elementor-element-366dc73 elementor-widget elementor-widget-text-editor\" data-id=\"366dc73\" data-element_type=\"widget\" data-widget_type=\"text-editor.default\">\n\t\t\t\t<div class=\"elementor-widget-container\">\n\t\t\t\t\t\t\t\t\tWenn Sie Fragen oder Bedenken zu unserer Datenschutzrichtlinie haben, <span style=\"color: #c59914;\"><a style=\"color: #c59914;\" href=\"https:\/\/albayan-eu.de\/de\/%d8%aa%d9%88%d8%a7%d8%b5%d9%84-%d9%85%d8%b9%d9%86%d8%a7\/\">kontaktieren Sie uns bitte.<\/a><\/span>\n\t\t\t\t\t\t\t\t<\/div>\n\t\t\t\t<\/div>\n\t\t\t\t<div class=\"elementor-element elementor-element-ee211a9 elementor-widget elementor-widget-heading\" data-id=\"ee211a9\" data-element_type=\"widget\" data-widget_type=\"heading.default\">\n\t\t\t\t<div class=\"elementor-widget-container\">\n\t\t\t\t\t<h2 class=\"elementor-heading-title elementor-size-default\">Vielen Dank f\u00fcr Ihr Vertrauen in uns und die Nutzung der Website der Al Bayan Tourismus-, Reise- und Servicegesellschaft.\n <\/br>\nZuletzt aktualisiert am [27-04-2024].<\/h2>\t\t\t\t<\/div>\n\t\t\t\t<\/div>\n\t\t\t\t<\/div>\n\t\t\t\t<\/div>","protected":false},"excerpt":{"rendered":"<p>\u0633\u064a\u0627\u0633\u0629 \u0627\u0644\u062e\u0635\u0648\u0635\u064a\u0629 \u0633\u064a\u0627\u0633\u0629 \u0627\u0644\u062e\u0635\u0648\u0635\u064a\u0629 \u0644\u0627\u0633\u062a\u062e\u062f\u0627\u0645 \u0645\u0648\u0642\u0639 \u0634\u0631\u0643\u0629 Al Bayan \u0644\u0644\u0633\u064a\u0627\u062d\u0629 \u0648\u0627\u0644\u0633\u0641\u0631 \u0648\u0627\u0644\u062e\u062f\u0645\u0627\u062a: \u0645\u0631\u062d\u0628\u064b\u0627 \u0628\u0643 \u0641\u064a \u0635\u0641\u062d\u0629 \u0633\u064a\u0627\u0633\u0629 \u0627\u0644\u062e\u0635\u0648\u0635\u064a\u0629 \u0644\u0645\u0648\u0642\u0639 \u0634\u0631\u0643\u0629 Al Bayan \u0644\u0644\u0633\u064a\u0627\u062d\u0629 \u0648\u0627\u0644\u0633\u0641\u0631 \u0648\u0627\u0644\u062e\u062f\u0645\u0627\u062a. \u0641\u064a\u0645\u0627 \u064a\u0644\u064a \u062a\u0641\u0627\u0635\u064a\u0644 \u062d\u0648\u0644 \u0643\u064a\u0641\u064a\u0629 \u062c\u0645\u0639\u0646\u0627 \u0648\u0627\u0633\u062a\u062e\u062f\u0627\u0645\u0646\u0627 \u0648\u062d\u0645\u0627\u064a\u0629 \u0627\u0644\u0645\u0639\u0644\u0648\u0645\u0627\u062a \u0627\u0644\u062a\u064a \u0646\u062a\u0644\u0642\u0627\u0647\u0627 \u0645\u0646\u0643 \u0639\u0646\u062f \u0627\u0633\u062a\u062e\u062f\u0627\u0645\u0643 \u0644\u0645\u0648\u0642\u0639\u0646\u0627. \u062c\u0645\u0639 \u0627\u0644\u0645\u0639\u0644\u0648\u0645\u0627\u062a \u0627\u0644\u0634\u062e\u0635\u064a\u0629: \u0646\u0642\u0648\u0645 \u0628\u062c\u0645\u0639 \u0645\u0639\u0644\u0648\u0645\u0627\u062a \u0645\u062d\u062f\u062f\u0629 \u0639\u0646\u0643 \u0648\u0641\u0642\u064b\u0627 \u0644\u0644\u0623\u0646\u0634\u0637\u0629 \u0627\u0644\u062a\u064a \u062a\u0642\u0648\u0645 \u0628\u0647\u0627 \u0639\u0644\u0649 \u0627\u0644\u0645\u0648\u0642\u0639\u060c&hellip;&nbsp;<a href=\"https:\/\/albayan-eu.de\/de\/%d8%b3%d9%8a%d8%a7%d8%b3%d8%a9-%d8%a7%d9%84%d8%ae%d8%b5%d9%88%d8%b5%d9%8a%d8%a9\" rel=\"bookmark\">Mehr lesen &raquo;<span class=\"screen-reader-text\">Datenschutzrichtlinie<\/span><\/a><\/p>","protected":false},"author":1,"featured_media":0,"parent":0,"menu_order":0,"comment_status":"closed","ping_status":"closed","template":"elementor_header_footer","meta":{"neve_meta_sidebar":"","neve_meta_container":"","neve_meta_enable_content_width":"","neve_meta_content_width":0,"neve_meta_title_alignment":"","neve_meta_author_avatar":"","neve_post_elements_order":"","neve_meta_disable_header":"","neve_meta_disable_footer":"","neve_meta_disable_title":"","neve_meta_reading_time":"","_joinchat":[],"footnotes":""},"class_list":["post-55","page","type-page","status-publish","hentry"],"_links":{"self":[{"href":"https:\/\/albayan-eu.de\/de\/wp-json\/wp\/v2\/pages\/55","targetHints":{"allow":["GET"]}}],"collection":[{"href":"https:\/\/albayan-eu.de\/de\/wp-json\/wp\/v2\/pages"}],"about":[{"href":"https:\/\/albayan-eu.de\/de\/wp-json\/wp\/v2\/types\/page"}],"author":[{"embeddable":true,"href":"https:\/\/albayan-eu.de\/de\/wp-json\/wp\/v2\/users\/1"}],"replies":[{"embeddable":true,"href":"https:\/\/albayan-eu.de\/de\/wp-json\/wp\/v2\/comments?post=55"}],"version-history":[{"count":0,"href":"https:\/\/albayan-eu.de\/de\/wp-json\/wp\/v2\/pages\/55\/revisions"}],"wp:attachment":[{"href":"https:\/\/albayan-eu.de\/de\/wp-json\/wp\/v2\/media?parent=55"}],"curies":[{"name":"wp","href":"https:\/\/api.w.org\/{rel}","templated":true}]}}