{"id":53,"date":"2024-03-11T08:36:00","date_gmt":"2024-03-11T08:36:00","guid":{"rendered":"https:\/\/test.pinno-pizza.de\/?page_id=53"},"modified":"2024-04-27T12:21:11","modified_gmt":"2024-04-27T12:21:11","slug":"%d8%a7%d9%84%d8%b4%d8%b1%d9%88%d8%b7-%d9%88%d8%a7%d9%84%d8%a3%d8%ad%d9%83%d8%a7%d9%85","status":"publish","type":"page","link":"https:\/\/albayan-eu.de\/de\/%d8%a7%d9%84%d8%b4%d8%b1%d9%88%d8%b7-%d9%88%d8%a7%d9%84%d8%a3%d8%ad%d9%83%d8%a7%d9%85","title":{"rendered":"Gesch\u00e4ftsbedingungen"},"content":{"rendered":"<div data-elementor-type=\"wp-page\" data-elementor-id=\"53\" class=\"elementor elementor-53\">\n\t\t\t\t<div class=\"elementor-element elementor-element-3842bca e-con-full e-flex e-con e-parent\" data-id=\"3842bca\" data-element_type=\"container\">\n\t\t\t\t<div class=\"elementor-element elementor-element-83f2a86 elementor-widget elementor-widget-heading\" data-id=\"83f2a86\" data-element_type=\"widget\" data-widget_type=\"heading.default\">\n\t\t\t\t<div class=\"elementor-widget-container\">\n\t\t\t\t\t<h2 class=\"elementor-heading-title elementor-size-default\">Gesch\u00e4ftsbedingungen<\/h2>\t\t\t\t<\/div>\n\t\t\t\t<\/div>\n\t\t\t\t<\/div>\n\t\t<div class=\"elementor-element elementor-element-43376e6 e-con-full e-flex e-con e-parent\" data-id=\"43376e6\" data-element_type=\"container\">\n\t\t\t\t<div class=\"elementor-element elementor-element-4d74da2 elementor-widget elementor-widget-heading\" data-id=\"4d74da2\" data-element_type=\"widget\" data-widget_type=\"heading.default\">\n\t\t\t\t<div class=\"elementor-widget-container\">\n\t\t\t\t\t<h2 class=\"elementor-heading-title elementor-size-default\">Nutzungsbedingungen f\u00fcr die Website der Al Bayan Tourismus-, Reise- und Servicegesellschaft:<\/h2>\t\t\t\t<\/div>\n\t\t\t\t<\/div>\n\t\t\t\t<div class=\"elementor-element elementor-element-aa095ea elementor-widget elementor-widget-text-editor\" data-id=\"aa095ea\" data-element_type=\"widget\" data-widget_type=\"text-editor.default\">\n\t\t\t\t<div class=\"elementor-widget-container\">\n\t\t\t\t\t\t\t\t\tWillkommen bei Al Bayan Tourismus-, Reise- und Servicegesellschaft. Bitte lesen Sie diese Gesch\u00e4ftsbedingungen sorgf\u00e4ltig durch, bevor Sie unsere Website nutzen. Durch die Nutzung dieser Website erkl\u00e4ren Sie sich mit den folgenden Bedingungen und Konditionen einverstanden. Wenn Sie mit diesen Bedingungen und Konditionen nicht einverstanden sind, nutzen Sie die Website bitte nicht.\n\t\t\t\t\t\t\t\t<\/div>\n\t\t\t\t<\/div>\n\t\t\t\t<div class=\"elementor-element elementor-element-d2f5097 elementor-widget elementor-widget-spacer\" data-id=\"d2f5097\" data-element_type=\"widget\" data-widget_type=\"spacer.default\">\n\t\t\t\t<div class=\"elementor-widget-container\">\n\t\t\t\t\t\t\t<div class=\"elementor-spacer\">\n\t\t\t<div class=\"elementor-spacer-inner\"><\/div>\n\t\t<\/div>\n\t\t\t\t\t\t<\/div>\n\t\t\t\t<\/div>\n\t\t\t\t<div class=\"elementor-element elementor-element-bedc9ec elementor-widget elementor-widget-heading\" data-id=\"bedc9ec\" data-element_type=\"widget\" data-widget_type=\"heading.default\">\n\t\t\t\t<div class=\"elementor-widget-container\">\n\t\t\t\t\t<h2 class=\"elementor-heading-title elementor-size-default\">Geistiges Eigentum:<\/h2>\t\t\t\t<\/div>\n\t\t\t\t<\/div>\n\t\t\t\t<div class=\"elementor-element elementor-element-f0b28ae elementor-widget elementor-widget-text-editor\" data-id=\"f0b28ae\" data-element_type=\"widget\" data-widget_type=\"text-editor.default\">\n\t\t\t\t<div class=\"elementor-widget-container\">\n\t\t\t\t\t\t\t\t\t<ol>\n \t<li><span style=\"color: #c59914;\">Inhalt:<\/span> Alle auf unserer Website angezeigten Inhalte, einschlie\u00dflich Texte, Bilder, Grafiken, Logos und Marken, sind durch geistiges Eigentum und Urheberrechtsgesetze gesch\u00fctzt.<\/li>\n \t<li><span style=\"color: #c59914;\">Pers\u00f6nliche Nutzung:<\/span> Sie d\u00fcrfen die Website nur f\u00fcr pers\u00f6nliche Zwecke durchsuchen und nutzen. Eine Verwendung oder Verbreitung des auf der Website angezeigten Inhalts f\u00fcr kommerzielle Zwecke ist ohne unsere vorherige schriftliche Zustimmung untersagt.<\/li>\n<\/ol>\n\t\t\t\t\t\t\t\t<\/div>\n\t\t\t\t<\/div>\n\t\t\t\t<div class=\"elementor-element elementor-element-a58924b elementor-widget elementor-widget-spacer\" data-id=\"a58924b\" data-element_type=\"widget\" data-widget_type=\"spacer.default\">\n\t\t\t\t<div class=\"elementor-widget-container\">\n\t\t\t\t\t\t\t<div class=\"elementor-spacer\">\n\t\t\t<div class=\"elementor-spacer-inner\"><\/div>\n\t\t<\/div>\n\t\t\t\t\t\t<\/div>\n\t\t\t\t<\/div>\n\t\t\t\t<div class=\"elementor-element elementor-element-ed10f28 elementor-widget elementor-widget-heading\" data-id=\"ed10f28\" data-element_type=\"widget\" data-widget_type=\"heading.default\">\n\t\t\t\t<div class=\"elementor-widget-container\">\n\t\t\t\t\t<h2 class=\"elementor-heading-title elementor-size-default\">Unsere Verantwortung:<\/h2>\t\t\t\t<\/div>\n\t\t\t\t<\/div>\n\t\t\t\t<div class=\"elementor-element elementor-element-5a28cb2 elementor-widget elementor-widget-text-editor\" data-id=\"5a28cb2\" data-element_type=\"widget\" data-widget_type=\"text-editor.default\">\n\t\t\t\t<div class=\"elementor-widget-container\">\n\t\t\t\t\t\t\t\t\t<ol><li><span style=\"color: #c59914;\">Genauigkeit:<\/span> Wir bem\u00fchen uns nach besten Kr\u00e4ften, die Genauigkeit und Zuverl\u00e4ssigkeit der auf der Website bereitgestellten Informationen sicherzustellen, k\u00f6nnen jedoch die Genauigkeit oder Vollst\u00e4ndigkeit dieser Informationen nicht garantieren.<\/li><li><span style=\"color: #c59914;\">Links:<\/span> Die Website kann Links zu Websites von Drittanbietern enthalten. Wir sind nicht f\u00fcr den Inhalt dieser Websites oder die Richtigkeit der dort bereitgestellten Informationen verantwortlich.<\/li><\/ol>\t\t\t\t\t\t\t\t<\/div>\n\t\t\t\t<\/div>\n\t\t\t\t<div class=\"elementor-element elementor-element-09b8272 elementor-widget elementor-widget-spacer\" data-id=\"09b8272\" data-element_type=\"widget\" data-widget_type=\"spacer.default\">\n\t\t\t\t<div class=\"elementor-widget-container\">\n\t\t\t\t\t\t\t<div class=\"elementor-spacer\">\n\t\t\t<div class=\"elementor-spacer-inner\"><\/div>\n\t\t<\/div>\n\t\t\t\t\t\t<\/div>\n\t\t\t\t<\/div>\n\t\t\t\t<div class=\"elementor-element elementor-element-b2edd28 elementor-widget elementor-widget-heading\" data-id=\"b2edd28\" data-element_type=\"widget\" data-widget_type=\"heading.default\">\n\t\t\t\t<div class=\"elementor-widget-container\">\n\t\t\t\t\t<h2 class=\"elementor-heading-title elementor-size-default\">Datenschutzrichtlinie und Cookies:<\/h2>\t\t\t\t<\/div>\n\t\t\t\t<\/div>\n\t\t\t\t<div class=\"elementor-element elementor-element-ac4ce95 elementor-widget elementor-widget-text-editor\" data-id=\"ac4ce95\" data-element_type=\"widget\" data-widget_type=\"text-editor.default\">\n\t\t\t\t<div class=\"elementor-widget-container\">\n\t\t\t\t\t\t\t\t\t<ol>\n \t<li><span style=\"color: #c59914;\">Sammlung personenbezogener Informationen:<\/span> Wir k\u00f6nnen einige pers\u00f6nliche Informationen von Ihnen w\u00e4hrend Ihres Besuchs auf der Website sammeln. Bitte lesen Sie unsere Datenschutzrichtlinie f\u00fcr weitere Details zur Sammlung, Nutzung und zum Schutz pers\u00f6nlicher Informationen.<\/li>\n \t<li><span style=\"color: #c59914;\">Verwendung von Cookies:<\/span> Wir k\u00f6nnen Cookies verwenden, um die Benutzererfahrung auf der Website zu verbessern.<\/li>\n<\/ol>\n<div class=\"notranslate\" style=\"all: initial;\"><\/div>\n\t\t\t\t\t\t\t\t<\/div>\n\t\t\t\t<\/div>\n\t\t\t\t<div class=\"elementor-element elementor-element-088aecd elementor-widget elementor-widget-spacer\" data-id=\"088aecd\" data-element_type=\"widget\" data-widget_type=\"spacer.default\">\n\t\t\t\t<div class=\"elementor-widget-container\">\n\t\t\t\t\t\t\t<div class=\"elementor-spacer\">\n\t\t\t<div class=\"elementor-spacer-inner\"><\/div>\n\t\t<\/div>\n\t\t\t\t\t\t<\/div>\n\t\t\t\t<\/div>\n\t\t\t\t<div class=\"elementor-element elementor-element-089db6e elementor-widget elementor-widget-heading\" data-id=\"089db6e\" data-element_type=\"widget\" data-widget_type=\"heading.default\">\n\t\t\t\t<div class=\"elementor-widget-container\">\n\t\t\t\t\t<h2 class=\"elementor-heading-title elementor-size-default\">\u00c4nderungen und Aktualisierungen der Richtlinien:<\/h2>\t\t\t\t<\/div>\n\t\t\t\t<\/div>\n\t\t\t\t<div class=\"elementor-element elementor-element-97bcfeb elementor-widget elementor-widget-text-editor\" data-id=\"97bcfeb\" data-element_type=\"widget\" data-widget_type=\"text-editor.default\">\n\t\t\t\t<div class=\"elementor-widget-container\">\n\t\t\t\t\t\t\t\t\tWir behalten uns das Recht vor, diese Richtlinie jederzeit ohne vorherige Ank\u00fcndigung zu \u00e4ndern oder zu aktualisieren. Bitte \u00fcberpr\u00fcfen Sie die Richtlinie regelm\u00e4\u00dfig auf die neuesten Aktualisierungen.\n\t\t\t\t\t\t\t\t<\/div>\n\t\t\t\t<\/div>\n\t\t\t\t<div class=\"elementor-element elementor-element-186fe0e elementor-widget elementor-widget-spacer\" data-id=\"186fe0e\" data-element_type=\"widget\" data-widget_type=\"spacer.default\">\n\t\t\t\t<div class=\"elementor-widget-container\">\n\t\t\t\t\t\t\t<div class=\"elementor-spacer\">\n\t\t\t<div class=\"elementor-spacer-inner\"><\/div>\n\t\t<\/div>\n\t\t\t\t\t\t<\/div>\n\t\t\t\t<\/div>\n\t\t\t\t<div class=\"elementor-element elementor-element-13c585c elementor-widget elementor-widget-heading\" data-id=\"13c585c\" data-element_type=\"widget\" data-widget_type=\"heading.default\">\n\t\t\t\t<div class=\"elementor-widget-container\">\n\t\t\t\t\t<h2 class=\"elementor-heading-title elementor-size-default\">Kontaktieren Sie uns:<\/h2>\t\t\t\t<\/div>\n\t\t\t\t<\/div>\n\t\t\t\t<div class=\"elementor-element elementor-element-ef0069d elementor-widget elementor-widget-text-editor\" data-id=\"ef0069d\" data-element_type=\"widget\" data-widget_type=\"text-editor.default\">\n\t\t\t\t<div class=\"elementor-widget-container\">\n\t\t\t\t\t\t\t\t\tWenn Sie Fragen oder Bedenken zu unserer Datenschutzrichtlinie oder zu Cookies haben, <span style=\"color: #c59914;\"><a style=\"color: #c59914;\" href=\"https:\/\/albayan-eu.de\/de\/%d8%aa%d9%88%d8%a7%d8%b5%d9%84-%d9%85%d8%b9%d9%86%d8%a7\/\">kontaktieren Sie uns bitte.<\/a><\/span>\n\t\t\t\t\t\t\t\t<\/div>\n\t\t\t\t<\/div>\n\t\t\t\t<div class=\"elementor-element elementor-element-4e0eeeb elementor-widget elementor-widget-heading\" data-id=\"4e0eeeb\" data-element_type=\"widget\" data-widget_type=\"heading.default\">\n\t\t\t\t<div class=\"elementor-widget-container\">\n\t\t\t\t\t<h2 class=\"elementor-heading-title elementor-size-default\">Vielen Dank f\u00fcr die Nutzung der Website von Al Bayan Tourismus-, Reise- und Servicegesellschaft. <\/br>\nZuletzt aktualisiert am [27-04-2024].<\/h2>\t\t\t\t<\/div>\n\t\t\t\t<\/div>\n\t\t\t\t<\/div>\n\t\t\t\t<\/div>","protected":false},"excerpt":{"rendered":"<p>\u0627\u0644\u0634\u0631\u0648\u0637 \u0648\u0627\u0644\u0623\u062d\u0643\u0627\u0645 \u0634\u0631\u0648\u0637 \u0648\u0623\u062d\u0643\u0627\u0645 \u0627\u0633\u062a\u062e\u062f\u0627\u0645 \u0645\u0648\u0642\u0639 \u0634\u0631\u0643\u0629 Al Bayan \u0644\u0644\u0633\u064a\u0627\u062d\u0629 \u0648\u0627\u0644\u0633\u0641\u0631 \u0648\u0627\u0644\u062e\u062f\u0645\u0627\u062a: \u0645\u0631\u062d\u0628\u064b\u0627 \u0628\u0643 \u0641\u064a \u0634\u0631\u0643\u0629 Al Bayan \u0644\u0644\u0633\u064a\u0627\u062d\u0629 \u0648\u0627\u0644\u0633\u0641\u0631 \u0648\u0627\u0644\u062e\u062f\u0645\u0627\u062a. \u064a\u064f\u0631\u062c\u0649 \u0642\u0631\u0627\u0621\u0629 \u0647\u0630\u0647 \u0627\u0644\u0634\u0631\u0648\u0637 \u0648\u0627\u0644\u0623\u062d\u0643\u0627\u0645 \u0628\u0639\u0646\u0627\u064a\u0629 \u0642\u0628\u0644 \u0627\u0633\u062a\u062e\u062f\u0627\u0645 \u0645\u0648\u0642\u0639\u0646\u0627. \u0628\u0627\u0633\u062a\u062e\u062f\u0627\u0645 \u0647\u0630\u0627 \u0627\u0644\u0645\u0648\u0642\u0639\u060c \u0641\u0625\u0646\u0643 \u062a\u0648\u0627\u0641\u0642 \u0639\u0644\u0649 \u0627\u0644\u0627\u0644\u062a\u0632\u0627\u0645 \u0628\u0627\u0644\u0634\u0631\u0648\u0637 \u0648\u0627\u0644\u0623\u062d\u0643\u0627\u0645 \u0627\u0644\u062a\u0627\u0644\u064a\u0629. \u0625\u0630\u0627 \u0643\u0646\u062a \u063a\u064a\u0631 \u0645\u0648\u0627\u0641\u0642 \u0639\u0644\u0649 \u0647\u0630\u0647 \u0627\u0644\u0634\u0631\u0648\u0637 \u0648\u0627\u0644\u0623\u062d\u0643\u0627\u0645\u060c \u064a\u0631\u062c\u0649 \u0639\u062f\u0645 \u0627\u0633\u062a\u062e\u062f\u0627\u0645 \u0627\u0644\u0645\u0648\u0642\u0639. \u062d\u0642\u0648\u0642 \u0627\u0644\u0645\u0644\u0643\u064a\u0629 \u0627\u0644\u0641\u0643\u0631\u064a\u0629:&hellip;&nbsp;<a href=\"https:\/\/albayan-eu.de\/de\/%d8%a7%d9%84%d8%b4%d8%b1%d9%88%d8%b7-%d9%88%d8%a7%d9%84%d8%a3%d8%ad%d9%83%d8%a7%d9%85\" rel=\"bookmark\">Mehr lesen &raquo;<span class=\"screen-reader-text\">Gesch\u00e4ftsbedingungen<\/span><\/a><\/p>","protected":false},"author":1,"featured_media":0,"parent":0,"menu_order":0,"comment_status":"closed","ping_status":"closed","template":"elementor_header_footer","meta":{"neve_meta_sidebar":"","neve_meta_container":"","neve_meta_enable_content_width":"","neve_meta_content_width":0,"neve_meta_title_alignment":"","neve_meta_author_avatar":"","neve_post_elements_order":"","neve_meta_disable_header":"","neve_meta_disable_footer":"","neve_meta_disable_title":"","neve_meta_reading_time":"","_joinchat":[],"footnotes":""},"class_list":["post-53","page","type-page","status-publish","hentry"],"_links":{"self":[{"href":"https:\/\/albayan-eu.de\/de\/wp-json\/wp\/v2\/pages\/53","targetHints":{"allow":["GET"]}}],"collection":[{"href":"https:\/\/albayan-eu.de\/de\/wp-json\/wp\/v2\/pages"}],"about":[{"href":"https:\/\/albayan-eu.de\/de\/wp-json\/wp\/v2\/types\/page"}],"author":[{"embeddable":true,"href":"https:\/\/albayan-eu.de\/de\/wp-json\/wp\/v2\/users\/1"}],"replies":[{"embeddable":true,"href":"https:\/\/albayan-eu.de\/de\/wp-json\/wp\/v2\/comments?post=53"}],"version-history":[{"count":0,"href":"https:\/\/albayan-eu.de\/de\/wp-json\/wp\/v2\/pages\/53\/revisions"}],"wp:attachment":[{"href":"https:\/\/albayan-eu.de\/de\/wp-json\/wp\/v2\/media?parent=53"}],"curies":[{"name":"wp","href":"https:\/\/api.w.org\/{rel}","templated":true}]}}